{"id":155,"date":"2024-10-29T16:55:10","date_gmt":"2024-10-29T15:55:10","guid":{"rendered":"https:\/\/si-industry.com\/?page_id=155"},"modified":"2025-11-07T13:35:24","modified_gmt":"2025-11-07T12:35:24","slug":"karriere","status":"publish","type":"page","link":"https:\/\/si-industry.com\/de\/karriere\/","title":{"rendered":"Karriere"},"content":{"rendered":"<div id=\"keyvisualblock_098e568cb94ce1e1f32bd2400e689121\" class=\"has-background block__keyvisual--type-overlapping-banner block__keyvisual alignfull -detect-in-viewport\" data-controller=\"keyvisual\" >\n            <div class=\"keyvisual__background\">\n                            <img loading=\"lazy\" decoding=\"async\" width=\"1266\" height=\"999\" src=\"https:\/\/si-industry.com\/wp-content\/uploads\/sites\/5\/2024\/10\/SI-Energy-Officeszene.svg\" class=\"attachment-fullscreen_16_9 size-fullscreen_16_9\" alt=\"\" \/>                    <\/div>\n            \n\n    <div class=\"keyvisual__wrapper\">\n        <div class=\"container inner-blocks\">\n                        \n\n<div class=\"wp-block-group is-vertical is-content-justification-center is-nowrap is-layout-flex wp-container-core-group-is-layout-6e392426 wp-block-group-is-layout-flex\">\n<h1 class=\"wp-block-heading has-white-color has-text-color\">Gestalte die Zukunft der Industrie mit uns<\/h1>\n\n\n\n<p class=\"has-text-align-left has-white-color has-text-color has-large-font-size\">Karriere bei SI Industry<\/p>\n\n\n\n<div id=\"buttonblock_062eb094a2753641f767885af78a9171\" class=\"btn--align-left block__button -detect-in-viewport\">\n\n  <div class=\"button__link \">\n          <a href=\"#jobs\" target=\"\" class=\"btn btn--primary   btn--inverted\">\n        Zu den Stellenangeboten        <svg viewBox=\"0 0 24 24\">\n          <use xlink:href=\"#button-arrow\"><\/use>\n        <\/svg>\n      <\/a>\n      <\/div>\n\n\n\n<\/div><\/div>\n\n        <\/div>\n\n    <\/div>\n\n    \n\n<\/div>\n\n\n<div class=\"wp-block-group alignwide is-layout-constrained wp-block-group-is-layout-constrained\">\n<h2 class=\"wp-block-heading has-text-align-center\">Vorteile im \u00dcberblick<\/h2>\n\n\n<div class=\"wp-bootstrap-blocks-row row\">\n\t\n\n<div class=\"col-12 col-md-6\">\n\t\t\t\n\n<div id=\"short-factblock_641220c43b9cf8de8800fe0b7a31f858\" class=\"block__short-fact__orientation--horizontal block__short-fact -detect-in-viewport\">\n  <div class=\"\">\n    <div class=\"short-fact__icon\">\n      <img loading=\"lazy\" decoding=\"async\" width=\"54\" height=\"52\" src=\"https:\/\/si-industry.com\/wp-content\/uploads\/sites\/5\/2024\/10\/SI-Industry-Stern.svg\" class=\"attachment-fullscreen_16_9 size-fullscreen_16_9\" alt=\"\" \/>    <\/div>\n    <div class=\"short-fact__inner-content\">\n              <h5 class=\"short-fact__title\">\n          Beste Aufstiegschancen        <\/h5>\n            <p class=\"short-fact__paragraph\">\n        Wir wachsen schnell. Das hei\u00dft: jede Menge M\u00f6glichkeiten f\u00fcr Dich.      <\/p>\n    <\/div>\n  <\/div>\n\n<\/div>\n\n\n<div id=\"short-factblock_cd654230bd8a3a516fab2459b243ccec\" class=\"block__short-fact__orientation--horizontal block__short-fact -detect-in-viewport\">\n  <div class=\"\">\n    <div class=\"short-fact__icon\">\n      <img loading=\"lazy\" decoding=\"async\" width=\"50\" height=\"50\" src=\"https:\/\/si-industry.com\/wp-content\/uploads\/sites\/5\/2024\/10\/SI-Industry-Fortbildungen2.svg\" class=\"attachment-fullscreen_16_9 size-fullscreen_16_9\" alt=\"\" \/>    <\/div>\n    <div class=\"short-fact__inner-content\">\n              <h5 class=\"short-fact__title\">\n          Bezahlte Fortbildungen        <\/h5>\n            <p class=\"short-fact__paragraph\">\n        Wir ku\u0308mmern uns um Deine Weiterentwicklung. Auch finanziell.      <\/p>\n    <\/div>\n  <\/div>\n\n<\/div>\n\n\n<div id=\"short-factblock_3f66a51e3c9894e49369c698c4cd3448\" class=\"block__short-fact__orientation--horizontal block__short-fact -detect-in-viewport\">\n  <div class=\"\">\n    <div class=\"short-fact__icon\">\n      <img loading=\"lazy\" decoding=\"async\" width=\"50\" height=\"52\" src=\"https:\/\/si-industry.com\/wp-content\/uploads\/sites\/5\/2024\/10\/SI-Industry-Lampe.svg\" class=\"attachment-fullscreen_16_9 size-fullscreen_16_9\" alt=\"\" \/>    <\/div>\n    <div class=\"short-fact__inner-content\">\n              <h5 class=\"short-fact__title\">\n          Office mit Wohlf\u00fchlfaktor        <\/h5>\n            <p class=\"short-fact__paragraph\">\n        Neueste Arbeitspl\u00e4tze, Fitnessstudio, Ruher\u00e4ume, Kantine: alles drin.      <\/p>\n    <\/div>\n  <\/div>\n\n<\/div>\n\n\n<div id=\"short-factblock_f2e663c9363454079143f08e346d6792\" class=\"block__short-fact__orientation--horizontal block__short-fact -detect-in-viewport\">\n  <div class=\"\">\n    <div class=\"short-fact__icon\">\n      <img loading=\"lazy\" decoding=\"async\" width=\"54\" height=\"54\" src=\"https:\/\/si-industry.com\/wp-content\/uploads\/sites\/5\/2024\/10\/SI-Industry-SUN.svg\" class=\"attachment-fullscreen_16_9 size-fullscreen_16_9\" alt=\"\" \/>    <\/div>\n    <div class=\"short-fact__inner-content\">\n              <h5 class=\"short-fact__title\">\n          \u00dcberdurchschnittliche Anzahl an Urlaubstagen        <\/h5>\n            <p class=\"short-fact__paragraph\">\n        Wer hart arbeitet, hat einen umfassenden Ausgleich verdient.      <\/p>\n    <\/div>\n  <\/div>\n\n<\/div>\n\t<\/div>\n\n\n\n<div class=\"col-12 col-md-6\">\n\t\t\t\n\n<div id=\"short-factblock_76dd2da0672faec36194559fcf030933\" class=\"block__short-fact__orientation--horizontal block__short-fact -detect-in-viewport\">\n  <div class=\"\">\n    <div class=\"short-fact__icon\">\n      <img loading=\"lazy\" decoding=\"async\" width=\"52\" height=\"50\" src=\"https:\/\/si-industry.com\/wp-content\/uploads\/sites\/5\/2024\/10\/SI-Industry-Karte.svg\" class=\"attachment-fullscreen_16_9 size-fullscreen_16_9\" alt=\"\" \/>    <\/div>\n    <div class=\"short-fact__inner-content\">\n              <h5 class=\"short-fact__title\">\n          Lukrative Pr\u00e4mien        <\/h5>\n            <p class=\"short-fact__paragraph\">\n        Bei uns wird Top-Leistung gesehen. Und zahlt sich aus.      <\/p>\n    <\/div>\n  <\/div>\n\n<\/div>\n\n\n<div id=\"short-factblock_355301c0d8195d56af55e1606180a17a\" class=\"block__short-fact__orientation--horizontal block__short-fact -detect-in-viewport\">\n  <div class=\"\">\n    <div class=\"short-fact__icon\">\n      <img loading=\"lazy\" decoding=\"async\" width=\"50\" height=\"50\" src=\"https:\/\/si-industry.com\/wp-content\/uploads\/sites\/5\/2024\/10\/SI-Industry-Blatt.svg\" class=\"attachment-fullscreen_16_9 size-fullscreen_16_9\" alt=\"\" \/>    <\/div>\n    <div class=\"short-fact__inner-content\">\n              <h5 class=\"short-fact__title\">\n          Betriebsrente        <\/h5>\n            <p class=\"short-fact__paragraph\">\n        Fu\u0308r den Moment leben ist sch\u00f6n. Sp\u00e4ter abgesichert sein aber auch.      <\/p>\n    <\/div>\n  <\/div>\n\n<\/div>\n\n\n<div id=\"short-factblock_cb827a85c42eb6ad49ff3599118b5748\" class=\"block__short-fact__orientation--horizontal block__short-fact -detect-in-viewport\">\n  <div class=\"\">\n    <div class=\"short-fact__icon\">\n      <img loading=\"lazy\" decoding=\"async\" width=\"50\" height=\"50\" src=\"https:\/\/si-industry.com\/wp-content\/uploads\/sites\/5\/2024\/10\/SI-Industry-Smiley.svg\" class=\"attachment-fullscreen_16_9 size-fullscreen_16_9\" alt=\"\" \/>    <\/div>\n    <div class=\"short-fact__inner-content\">\n              <h5 class=\"short-fact__title\">\n          Monatliche Teamevents        <\/h5>\n            <p class=\"short-fact__paragraph\">\n        Bowling, Grillen, ein Drink nach Feierabend: Gemeinschaft ist bei uns mehr als ein Wort.      <\/p>\n    <\/div>\n  <\/div>\n\n<\/div>\n\t<\/div>\n\n<\/div>\n<\/div>\n\n\n\n<div class=\"wp-block-group alignwide is-layout-constrained wp-block-group-is-layout-constrained\">\n<h2 class=\"wp-block-heading has-text-align-center\">INSIGHTS<\/h2>\n\n\n<div class=\"wp-bootstrap-blocks-row row justify-content-start align-items-center\">\n\t\n\n<div class=\"col-12 col-md-6\">\n\t\t\t\n\n<h3 class=\"wp-block-heading\">Interview: Andreas Thur<\/h3>\n\n\n\n<p>Er liebt es, Dinge zum Laufen zu bringen. Als Teamleiter f\u00fcr Anlagen und Energieanlagen bei SI Industry in Mannheim plant und begleitet Andreas komplexe Projekte von der ersten Idee bis zur fertigen Anlage. <\/p>\n\n\n\n<p><\/p>\n\n\n\n<p>In diesem Video erz\u00e4hlt Andreas, was ihn an seiner Arbeit begeistert und wie innovative Technologien dabei helfen. Au\u00dferdem spricht er dar\u00fcber, was echten Teamgeist f\u00fcr ihn ausmacht und warum er sich bei SI von Anfang an auf seine Kollegen verlassen konnte.<\/p>\n\n\t<\/div>\n\n\n\n<div class=\"col-12 col-md-6\">\n\t\t\t\n\n<div id=\"videoblock_0272c0a74e38487b2c6d92f06d9e7858\" class=\"block__video -detect-in-viewport\" data-controller=\"video\">\n  <a class=\"video__play-button\" title=\"play\" data-video-target=\"playbutton\" data-action=\"click-&gt;video#toggleControls\">\n    <svg xmlns=\"http:\/\/www.w3.org\/2000\/svg\" viewBox=\"0 0 512 512\">\n      <path d=\"M0 256a256 256 0 1 1 512 0A256 256 0 1 1 0 256zM188.3 147.1c-7.6 4.2-12.3 12.3-12.3 20.9V344c0 8.7 4.7 16.7 12.3 20.9s16.8 4.1 24.3-.5l144-88c7.1-4.4 11.5-12.1 11.5-20.5s-4.4-16.1-11.5-20.5l-144-88c-7.4-4.5-16.7-4.7-24.3-.5z\"><\/path>\n    <\/svg>\n  <\/a>\n  <video class=\"block__responsive-embed__ratio ratio ratio-16x9\" preload=\"metadata\" poster=\"https:\/\/si-industry.com\/wp-content\/uploads\/sites\/5\/2025\/11\/thumbnail-insight-1.jpg\" data-video-target=\"video\">\n          <source src=\"https:\/\/si-industry.com\/wp-content\/uploads\/sites\/5\/2025\/11\/11945-SI-Employer-Video-2025-Andreas-Thur-fin-WEB.mp4\" type=\"video\/mp4\" \/>\n      <\/video>\n<\/div>\n\t<\/div>\n\n<\/div>\n\n\n\n<div id=\"spacerblock_02e031b32ec44c995aae8227632e8d6f\" class=\"block__spacer -detect-in-viewport block__spacer--small\"><\/div><\/div>\n\n\n\n<div id=\"sliderblock_130eee4fc000f69e55f01d1a894037b3\" class=\"block__slider alignfull -detect-in-viewport\">\n\n    <div class=\"swiper slider \" data-slides-per-view=\"1\" data-autoplay-enable=\"1\" data-autoplay-delay=\"3000\"  data-navigation-enable >\n\n        <div class=\"swiper-wrapper\">\n            \n\n<div id=\"slideblock_a83176d1d737529cba4aa562637a44a1\" class=\"swiper-slide inner-blocks block__slide--image block__slide -detect-in-viewport\">\n            <div class=\"slide__image\">\n            <img loading=\"lazy\" decoding=\"async\" width=\"1920\" height=\"843\" src=\"https:\/\/si-industry.com\/wp-content\/uploads\/sites\/5\/2024\/10\/si-office-3-1-1920x843-1.webp\" class=\"attachment-fullscreen_16_9 size-fullscreen_16_9\" alt=\"\" srcset=\"https:\/\/si-industry.com\/wp-content\/uploads\/sites\/5\/2024\/10\/si-office-3-1-1920x843-1.webp 1920w, https:\/\/si-industry.com\/wp-content\/uploads\/sites\/5\/2024\/10\/si-office-3-1-1920x843-1-300x132.webp 300w, https:\/\/si-industry.com\/wp-content\/uploads\/sites\/5\/2024\/10\/si-office-3-1-1920x843-1-768x337.webp 768w, https:\/\/si-industry.com\/wp-content\/uploads\/sites\/5\/2024\/10\/si-office-3-1-1920x843-1-1024x450.webp 1024w, https:\/\/si-industry.com\/wp-content\/uploads\/sites\/5\/2024\/10\/si-office-3-1-1920x843-1-1536x674.webp 1536w, https:\/\/si-industry.com\/wp-content\/uploads\/sites\/5\/2024\/10\/si-office-3-1-1920x843-1-400x176.webp 400w\" sizes=\"auto, (max-width: 1920px) 100vw, 1920px\" \/>        <\/div>\n                <\/div>\n        <\/div>\n\n                    <div class=\"swiper-controls-wrapper\">\n                                                    <div class=\"swiper-button-prev\"><\/div>\n                    <div class=\"swiper-button-next\"><\/div>\n                            <\/div>\n            <\/div>\n\n<\/div>\n\n\n<div class=\"wp-block-group alignwide is-layout-constrained wp-block-group-is-layout-constrained\"><div class=\"wp-bootstrap-blocks-row row gx-5 justify-content-center\">\n\t\n\n<div class=\"col-12 col-md-6\">\n\t\t\t\n\n<div id=\"animationblock_16ed451e7c1debea46c53490025a251e\" class=\"block__animation -detect-in-viewport\">\n\n\n  <div class=\"animation__inner-blocks inner-blocks  animate__animated animate__fadeInLeft animate__delay-default\">\n\n\n    \n\n<h2 class=\"wp-block-heading\">Arbeiten bei SI Industry<\/h2>\n\n\n\n<p>Du m\u00f6chtest die Zukunft des Anlagenbaus und der Industriedienstleistungen aktiv mitgestalten? Bei uns hast du die Chance dazu!<\/p>\n\n\n\n<p>Werde Teil eines Teams, das mit innovativen L\u00f6sungen und erstklassigem Service die Industrie von morgen gestaltet. Gemeinsam wachsen wir &#8211; wirtschaftlich, fachlich und pers\u00f6nlich. Wir setzen auf die Zukunft: auf neueste Technologien, vertrauensvolle Partnerschaften und vor allem auf unsere Mitarbeiterinnen und Mitarbeiter.<\/p>\n\n\n\n<p>Bei SI Industry erwarten Dich eine faire Entlohnung, vielf\u00e4ltige Karrierem\u00f6glichkeiten und ein Arbeitsumfeld, das Deine St\u00e4rken f\u00f6rdert. Deine berufliche Entwicklung und Zufriedenheit liegen uns am Herzen, denn unser Team ist der Schl\u00fcssel zu unserem Erfolg.<\/p>\n\n\n\n<p>Klingt spannend f\u00fcr dich? Dann bewirb dich jetzt und werde Teil unseres Teams. Wir freuen uns auf dich!<\/p>\n\n  <\/div>\n\n<\/div>\n\t<\/div>\n\n\n\n<div class=\"col-8 col-md-6\">\n\t\t\t<div class=\"h-100 d-flex flex-column justify-content-center\">\n\t\t\t\n\n<div id=\"animationblock_3621f2452db5ef4a0c38d9f9e051420d\" class=\"block__animation -detect-in-viewport\">\n\n\n  <div class=\"animation__inner-blocks inner-blocks  animate__animated animate__fadeInRight animate__delay-default\">\n\n\n    \n\n<div id=\"image-with-chipblock_94039162ff2a02791493dbb660485aad\" class=\"block__image-with-chip -detect-in-viewport\">\n  <div class=\"image-with-chip__wrapper\">\n    <div class=\"image-with-chip__image\">\n      <img loading=\"lazy\" decoding=\"async\" width=\"1691\" height=\"1080\" src=\"https:\/\/si-industry.com\/wp-content\/uploads\/sites\/5\/2024\/11\/SI-Karriere-Keyvisual-1-1-1-1691x1080.jpg\" class=\"attachment-fullscreen_16_9 size-fullscreen_16_9\" alt=\"\" srcset=\"https:\/\/si-industry.com\/wp-content\/uploads\/sites\/5\/2024\/11\/SI-Karriere-Keyvisual-1-1-1-1691x1080.jpg 1691w, https:\/\/si-industry.com\/wp-content\/uploads\/sites\/5\/2024\/11\/SI-Karriere-Keyvisual-1-1-1-300x192.jpg 300w, https:\/\/si-industry.com\/wp-content\/uploads\/sites\/5\/2024\/11\/SI-Karriere-Keyvisual-1-1-1-768x491.jpg 768w, https:\/\/si-industry.com\/wp-content\/uploads\/sites\/5\/2024\/11\/SI-Karriere-Keyvisual-1-1-1-1024x654.jpg 1024w, https:\/\/si-industry.com\/wp-content\/uploads\/sites\/5\/2024\/11\/SI-Karriere-Keyvisual-1-1-1-1536x981.jpg 1536w, https:\/\/si-industry.com\/wp-content\/uploads\/sites\/5\/2024\/11\/SI-Karriere-Keyvisual-1-1-1-2048x1308.jpg 2048w, https:\/\/si-industry.com\/wp-content\/uploads\/sites\/5\/2024\/11\/SI-Karriere-Keyvisual-1-1-1-400x255.jpg 400w\" sizes=\"auto, (max-width: 1691px) 100vw, 1691px\" \/>      <div class=\"image-with-chip__chip image-with-chip__chip--right      animate__animated animate__siRotateIn-right animate__delay-default\">\n        <svg width=\"326\" height=\"326\" viewBox=\"0 0 326 326\" fill=\"none\" xmlns=\"http:\/\/www.w3.org\/2000\/svg\">\n          <use xlink:href=\" #image-chip\">\n        <\/svg>\n      <\/div>\n    <\/div>\n  <\/div>\n<\/div>\n  <\/div>\n\n<\/div>\n\t\t<\/div>\n\t<\/div>\n\n<\/div>\n<\/div>\n\n\n\n<div class=\"wp-block-group alignwide is-layout-constrained wp-block-group-is-layout-constrained\">\n<h2 class=\"wp-block-heading has-text-align-center\">Deine Bewerbung in 3 Schritten<\/h2>\n\n\n\n<div id=\"timelineblock_169250c73d79a41e48ddbe774702ed40\" class=\"block__timeline -detect-in-viewport\" data-controller=\"timeline\">\n  <div class=\"timeline__line\" data-timeline-target=\"line\"><\/div>\n  <ul class=\"timeline__entries\" data-timeline-target=\"timelineContainer\">\n          <li class=\"timeline__entry\" data-timeline-target=\"entries\">\n        <div class=\"timeline__entry__badge\">\n          <img loading=\"lazy\" decoding=\"async\" width=\"211\" height=\"211\" src=\"https:\/\/si-industry.com\/wp-content\/uploads\/sites\/5\/2024\/10\/SI-Industry-Notebook.svg\" class=\"has-icon-padding\" alt=\"\" \/><\/div>\n        <div class=\"timeline__entry__wrapper\">\n          <div class=\"timeline__entry__number\">1<\/div>\n          <div class=\"timeline__entry__content\">\n            <h3 class=\"timeline__entry__title\"> Schritt 1: Bewerbung<\/h3>\n            <p>Dein erster Schritt ist die Bewerbung: Schicke uns Deinen Lebenslauf und ein Anschreiben. Achte darauf, Deine Bewerbung sorgf\u00e4ltig zu erstellen und hebe Deine Qualifikationen, F\u00e4higkeiten und Erfahrungen deutlich hervor. So k\u00f6nnen wir Deine Eignung f\u00fcr die entsprechende Stelle besser bewerten.<\/p>\n          <\/div>\n        <\/div>\n      <\/li>\n          <li class=\"timeline__entry\" data-timeline-target=\"entries\">\n        <div class=\"timeline__entry__badge\">\n          <img loading=\"lazy\" decoding=\"async\" width=\"211\" height=\"211\" src=\"https:\/\/si-industry.com\/wp-content\/uploads\/sites\/5\/2024\/10\/SI-Industry-Lupe.svg\" class=\"has-icon-padding\" alt=\"\" \/><\/div>\n        <div class=\"timeline__entry__wrapper\">\n          <div class=\"timeline__entry__number\">2<\/div>\n          <div class=\"timeline__entry__content\">\n            <h3 class=\"timeline__entry__title\"> Schritt 2: Interview<\/h3>\n            <p>Wenn uns Deine Bewerbung positiv auff\u00e4llt, laden wir Dich zu einem pers\u00f6nlichen Vorstellungsgespr\u00e4ch ein. Wir m\u00f6chten Dich besser kennenlernen und herauszufinden, ob Du gut in unser Unternehmen und unser Team passt.<\/p>\n          <\/div>\n        <\/div>\n      <\/li>\n          <li class=\"timeline__entry\" data-timeline-target=\"entries\">\n        <div class=\"timeline__entry__badge\">\n          <img loading=\"lazy\" decoding=\"async\" width=\"211\" height=\"211\" src=\"https:\/\/si-industry.com\/wp-content\/uploads\/sites\/5\/2024\/10\/SI-Industry-Brief.svg\" class=\"has-icon-padding\" alt=\"\" \/><\/div>\n        <div class=\"timeline__entry__wrapper\">\n          <div class=\"timeline__entry__number\">3<\/div>\n          <div class=\"timeline__entry__content\">\n            <h3 class=\"timeline__entry__title\"> Schritt 3: Entscheidung<\/h3>\n            <p>Wenn das Gesamtpaket stimmt, bieten wir Dir eine Anstellung an und kl\u00e4ren die Einzelheiten Deines neuen Arbeitsvertrags. Willkommen in unserem Team!<\/p>\n          <\/div>\n        <\/div>\n      <\/li>\n      <\/ul>\n<\/div><\/div>\n\n\n\n<div id=\"jobs\" class=\"wp-block-group is-layout-constrained wp-block-group-is-layout-constrained\">\n<h2 class=\"wp-block-heading has-text-align-center\">Stellenangebote<\/h2>\n\n\n\n<p class=\"has-text-align-center\">Die Welt der Logistik revolutionieren \u2013 daf\u00fcr suchen wir Menschen, die diese Herausforderung gemeinsam mit uns anpacken wollen.<\/p>\n\n\n\n<div id=\"job-listingblock_c71bd5663f7afb1e95963934f4668940\" class=\"block__job-listing -detect-in-viewport\">\n  <div class=\"job-listing__filters\">\n    <div class=\"filters__top\">\n      <div class=\"facetwp-facet facetwp-facet-job_search facetwp-type-autocomplete\" data-name=\"job_search\" data-type=\"autocomplete\"><\/div>    <\/div>\n    <div class=\"filters__bottom\">\n      <div class=\"facetwp-facet facetwp-facet-job_locations facetwp-type-fselect\" data-name=\"job_locations\" data-type=\"fselect\"><\/div>      <div class=\"facetwp-facet facetwp-facet-job_divisions facetwp-type-fselect\" data-name=\"job_divisions\" data-type=\"fselect\"><\/div>      <div class=\"facetwp-facet facetwp-facet-job_entrylevel facetwp-type-fselect\" data-name=\"job_entrylevel\" data-type=\"fselect\"><\/div>                <\/div>\n  <\/div>\n  <div class=\"job-listing__list facetwp-template\">\n                <div class=\"job-listing__job\">\n        <style>\n          .category--si-industry {\n            --theme-color-primary: var(--si-color-si-industry);\n          }\n        <\/style>\n        \n<div id=\"job-390\" class=\"block__teaser--style-clean block__teaser--image-top block__card, category--si-industry\">\n    <div class=\"block__teaser__wrapper has-background has-white-background-color \">\n\n        \n        <div class=\"block__teaser__content inner-blocks\">\n                            \n<div class=\"jobs__tags\">\n      <span class=\"tag\">Mannheim<\/span>\n      <span class=\"tag\">Management<\/span>\n  <\/div>\n\n\n<div class=\"jobs__header\">\n  <span><\/span>\n\n  <h3>\n    Leitung Ordermanagement (m\/w\/d)  <\/h3>\n<\/div>\n\n<div class=\"jobs__link\">\n  <a href=\"https:\/\/si-industry.com\/de\/jobs\/leitung-ordermanagement-m-w-d\/\" target=\"_blank\" class=\"btn btn--link\">\n    Stellendetails    <svg viewBox=\"0 0 24 24\">\n      <use xlink:href=\"#button-arrow\"><\/use>\n    <\/svg>\n  <\/a>\n<\/div>            \n                    <\/div>\n\n    <\/div>\n<\/div>      <\/div>\n      <\/div>\n  <div class=\"job-listing__pagination\">\n    <div class=\"facetwp-facet facetwp-facet-pagination facetwp-type-pager\" data-name=\"pagination\" data-type=\"pager\"><\/div>  <\/div>\n<\/div><\/div>\n\n\n\n<div id=\"animationblock_76215c34292fe066b8b605e557ded55b\" class=\"block__animation alignwide -detect-in-viewport\">\n\n\n  <div class=\"animation__inner-blocks inner-blocks  animate__animated animate__fadeIn animate__delay-default\">\n\n\n    \n\n<div class=\"wp-block-group is-layout-constrained wp-block-group-is-layout-constrained\"><div class=\"wp-bootstrap-blocks-row row\">\n\t\n\n<div class=\"col-12 col-md-6\">\n\t\t\t\n\n<div id=\"cardblock_6323d4002fafbafac78daa15c58d4809\" class=\"block__card--style-clean block__card--image-right block__card -detect-in-viewport\">\n\n\n    <div class=\"block__card__wrapper has-background has-primary-background-color animate__animated animate__fadeInLeft animate__delay-default\">\n\n                <div class=\"block__card__content inner-blocks\">\n                            \n\n<div id=\"spacerblock_d9dbabc9c91fd20f9aad60a92dd7e56b\" class=\"block__spacer -detect-in-viewport block__spacer--medium\"><\/div>\n\n\n<h4 class=\"wp-block-heading has-text-align-center has-white-color has-text-color\">Noch Fragen?<\/h4>\n\n\n\n<p class=\"has-text-align-center has-white-color has-text-color\">F\u00fcr Fragen oder weitere Ausk\u00fcnfte steht dir unser Recruiting-Team gerne zur Verf\u00fcgung.<\/p>\n\n\n\n<div id=\"buttonblock_b015a181683ee437c9a830543f5bb104\" class=\"btn--align-center block__button aligncenter -detect-in-viewport\">\n\n  <div class=\"button__link \">\n          <a href=\"tel:+496214054060\" target=\"_blank\" class=\"btn btn--primary   btn--inverted\">\n        Jetzt anrufen        <svg viewBox=\"0 0 24 24\">\n          <use xlink:href=\"#button-arrow\"><\/use>\n        <\/svg>\n      <\/a>\n      <\/div>\n\n\n\n<\/div>\n\n\n<div id=\"spacerblock_d9dbabc9c91fd20f9aad60a92dd7e56b\" class=\"block__spacer -detect-in-viewport block__spacer--medium\"><\/div>\n\n                    <\/div>\n    <\/div>\n\n<\/div>\n\t<\/div>\n\n\n\n<div class=\"col-12 col-md-6\">\n\t\t\t\n\n<div id=\"cardblock_660e72f80b8de18eae0fb1cf3cc0b8c9\" class=\"block__card--style-clean block__card--image-right block__card -detect-in-viewport\">\n\n\n    <div class=\"block__card__wrapper has-background has-primary-background-color animate__animated animate__fadeInRight animate__delay-default\">\n\n                <div class=\"block__card__content inner-blocks\">\n                            \n\n<div id=\"spacerblock_d9dbabc9c91fd20f9aad60a92dd7e56b\" class=\"block__spacer -detect-in-viewport block__spacer--medium\"><\/div>\n\n\n<h4 class=\"wp-block-heading has-text-align-center has-white-color has-text-color\">Initiativ bewerben<\/h4>\n\n\n\n<p class=\"has-text-align-center has-white-color has-text-color\">Bewirb dich initiativ! Zeige uns dein Talent und deine Motivation. Wir freuen uns auf dich!<\/p>\n\n\n\n<div id=\"buttonblock_b86ee5fcf353ec42b301206c753c247d\" class=\"btn--align-center block__button aligncenter -detect-in-viewport\">\n\n  <div class=\"button__link \">\n          <a href=\"https:\/\/si-industry.com\/de\/karriere\/bewerben\/\" target=\"_blank\" class=\"btn btn--primary   btn--inverted\">\n        Initiativ bewerben        <svg viewBox=\"0 0 24 24\">\n          <use xlink:href=\"#button-arrow\"><\/use>\n        <\/svg>\n      <\/a>\n      <\/div>\n\n\n\n<\/div>\n\n\n<div id=\"spacerblock_d9dbabc9c91fd20f9aad60a92dd7e56b\" class=\"block__spacer -detect-in-viewport block__spacer--medium\"><\/div>\n\n                    <\/div>\n    <\/div>\n\n<\/div>\n\t<\/div>\n\n<\/div>\n<\/div>\n\n  <\/div>\n\n<\/div>","protected":false},"excerpt":{"rendered":"<p>Vorteile im \u00dcberblick INSIGHTS Deine Bewerbung in 3 Schritten Stellenangebote Die Welt der Logistik revolutionieren \u2013 daf\u00fcr suchen wir Menschen, die diese Herausforderung gemeinsam mit uns anpacken wollen.<\/p>\n","protected":false},"author":1,"featured_media":0,"parent":0,"menu_order":0,"comment_status":"closed","ping_status":"closed","template":"","meta":{"footnotes":""},"class_list":["post-155","page","type-page","status-publish","hentry"],"aioseo_notices":[],"acf":[],"_links":{"self":[{"href":"https:\/\/si-industry.com\/de\/wp-json\/wp\/v2\/pages\/155","targetHints":{"allow":["GET"]}}],"collection":[{"href":"https:\/\/si-industry.com\/de\/wp-json\/wp\/v2\/pages"}],"about":[{"href":"https:\/\/si-industry.com\/de\/wp-json\/wp\/v2\/types\/page"}],"author":[{"embeddable":true,"href":"https:\/\/si-industry.com\/de\/wp-json\/wp\/v2\/users\/1"}],"replies":[{"embeddable":true,"href":"https:\/\/si-industry.com\/de\/wp-json\/wp\/v2\/comments?post=155"}],"version-history":[{"count":9,"href":"https:\/\/si-industry.com\/de\/wp-json\/wp\/v2\/pages\/155\/revisions"}],"predecessor-version":[{"id":822,"href":"https:\/\/si-industry.com\/de\/wp-json\/wp\/v2\/pages\/155\/revisions\/822"}],"wp:attachment":[{"href":"https:\/\/si-industry.com\/de\/wp-json\/wp\/v2\/media?parent=155"}],"curies":[{"name":"wp","href":"https:\/\/api.w.org\/{rel}","templated":true}]}}