{"id":227,"date":"2024-10-30T10:42:41","date_gmt":"2024-10-30T09:42:41","guid":{"rendered":"https:\/\/si-industry.com\/?page_id=227"},"modified":"2025-05-22T10:54:10","modified_gmt":"2025-05-22T08:54:10","slug":"bewerben","status":"publish","type":"page","link":"https:\/\/si-industry.com\/de\/karriere\/bewerben\/","title":{"rendered":"Bewerben"},"content":{"rendered":"<div class=\"frm_forms  with_frm_style frm_style_formidable-style\" id=\"frm_form_3_container\" data-token=\"d554adbf5c2b72d44f0cd70c633f7575\">\n<form enctype=\"multipart\/form-data\" method=\"post\" class=\"frm-show-form  frm_js_validate  frm_pro_form \" id=\"form_bewerbung\" data-token=\"d554adbf5c2b72d44f0cd70c633f7575\">\n<div class=\"frm_form_fields \">\n<fieldset>\n<legend class=\"frm_screen_reader\">Bewerben<\/legend>\r\n\r\n<div class=\"frm_fields_container\">\n<input type=\"hidden\" name=\"frm_action\" value=\"create\" \/>\n<input type=\"hidden\" name=\"form_id\" value=\"3\" \/>\n<input type=\"hidden\" name=\"frm_hide_fields_3\" id=\"frm_hide_fields_3\" value=\"\" \/>\n<input type=\"hidden\" name=\"form_key\" value=\"bewerbung\" \/>\n<input type=\"hidden\" name=\"item_meta[0]\" value=\"\" \/>\n<input type=\"hidden\" id=\"frm_submit_entry_3\" name=\"frm_submit_entry_3\" value=\"be06a935ac\" \/><input type=\"hidden\" name=\"_wp_http_referer\" value=\"\/de\/wp-json\/wp\/v2\/pages\/227\" \/><input type=\"hidden\" name=\"item_meta[17]\" id=\"field_jamsc\" value=\"\"     \/>\n<input type=\"hidden\" name=\"item_meta[18]\" id=\"field_t2azq\" value=\"\"     \/>\n<div id=\"frm_field_25_container\" class=\"frm_form_field frm_section_heading form-field  frm12 frm_first\">\r\n<h3 class=\"frm_pos_top frm_section_spacing\">1. Pers\u00f6nliche Daten<\/h3>\r\n\r\n\r\n<div id=\"frm_field_28_container\" class=\"frm_form_field form-field  frm_required_field frm_top_container frm4 frm_first\">\r\n\t<label for=\"field_45ee5\" id=\"field_45ee5_label\" class=\"frm_primary_label\">Ansprache\r\n\t\t<span class=\"frm_required\" aria-hidden=\"true\">*<\/span>\r\n\t<\/label>\r\n\t<input  type=\"text\" id=\"field_45ee5\" name=\"item_meta[28]\" value=\"\"  data-sectionid=\"25\"  data-reqmsg=\"Ansprache cannot be blank.\" aria-required=\"true\" data-invmsg=\"Ansprache ist ung\u00fcltig\" aria-invalid=\"false\"   \/>\r\n\t\r\n\t\r\n<\/div>\n<div id=\"frm_field_30_container\" class=\"frm_form_field form-field  frm_required_field frm_top_container frm4\">\r\n\t<label for=\"field_yh9q\" id=\"field_yh9q_label\" class=\"frm_primary_label\">Vorname\r\n\t\t<span class=\"frm_required\" aria-hidden=\"true\">*<\/span>\r\n\t<\/label>\r\n\t<input  type=\"text\" id=\"field_yh9q\" name=\"item_meta[30]\" value=\"\"  data-sectionid=\"25\"  data-reqmsg=\"Vorname cannot be blank.\" aria-required=\"true\" data-invmsg=\"Vorname ist ung\u00fcltig\" aria-invalid=\"false\"   \/>\r\n\t\r\n\t\r\n<\/div>\n<div id=\"frm_field_29_container\" class=\"frm_form_field form-field  frm_required_field frm_top_container frm4\">\r\n\t<label for=\"field_5xqqn\" id=\"field_5xqqn_label\" class=\"frm_primary_label\">Nachname\r\n\t\t<span class=\"frm_required\" aria-hidden=\"true\">*<\/span>\r\n\t<\/label>\r\n\t<input  type=\"text\" id=\"field_5xqqn\" name=\"item_meta[29]\" value=\"\"  data-sectionid=\"25\"  data-reqmsg=\"Nachname cannot be blank.\" aria-required=\"true\" data-invmsg=\"Nachname ist ung\u00fcltig\" aria-invalid=\"false\"   \/>\r\n\t\r\n\t\r\n<\/div>\n<div id=\"frm_field_31_container\" class=\"frm_form_field form-field  frm_required_field frm_top_container frm6 frm_first\">\r\n\t<label for=\"field_r7g5g\" id=\"field_r7g5g_label\" class=\"frm_primary_label\">E-Mail\r\n\t\t<span class=\"frm_required\" aria-hidden=\"true\">*<\/span>\r\n\t<\/label>\r\n\t<input type=\"email\" id=\"field_r7g5g\" name=\"item_meta[31]\" value=\"\"  data-sectionid=\"25\"  autocomplete=\"email\"  data-reqmsg=\"E-Mail cannot be blank.\" aria-required=\"true\" data-invmsg=\"E-Mail ist ung\u00fcltig\" aria-invalid=\"false\"  \/>\r\n\t\r\n\t\r\n<\/div>\n<div id=\"frm_field_32_container\" class=\"frm_form_field form-field  frm_required_field frm_top_container frm6\">\r\n\t<label for=\"field_uyfvy\" id=\"field_uyfvy_label\" class=\"frm_primary_label\">Telefon-Nr.\r\n\t\t<span class=\"frm_required\" aria-hidden=\"true\">*<\/span>\r\n\t<\/label>\r\n\t<input type=\"tel\" id=\"field_uyfvy\" name=\"item_meta[32]\" value=\"\"  data-sectionid=\"25\"  data-reqmsg=\"Telefon-Nr. cannot be blank.\" aria-required=\"true\" data-invmsg=\"Telefon-Nr. ist ung\u00fcltig\" aria-invalid=\"false\" pattern=\"((\\+\\d{1,3}(-|.| )?\\(?\\d\\)?(-| |.)?\\d{1,5})|(\\(?\\d{2,6}\\)?))(-|.| )?(\\d{3,4})(-|.| )?(\\d{4})(( x| ext)\\d{1,5}){0,1}$\"  \/>\r\n\t\r\n\t\r\n<\/div>\n<div id=\"frm_field_34_container\" class=\"frm_form_field form-field  frm_required_field frm_top_container\">\r\n\t<label for=\"field_e1poy\" id=\"field_e1poy_label\" class=\"frm_primary_label\">Erz\u00e4hl uns etwas von dir\r\n\t\t<span class=\"frm_required\" aria-hidden=\"true\">*<\/span>\r\n\t<\/label>\r\n\t<textarea name=\"item_meta[34]\" id=\"field_e1poy\" rows=\"5\"  data-sectionid=\"25\"  data-reqmsg=\"Erz\u00e4hl uns etwas von dir cannot be blank.\" aria-required=\"true\" data-invmsg=\"Erz\u00e4hl uns etwas von dir ist ung\u00fcltig\" aria-invalid=\"false\"  ><\/textarea>\r\n\t\r\n\t\r\n<\/div>\n<div id=\"frm_field_35_container\" class=\"frm_form_field form-field  frm_required_field frm_top_container frm12 frm_first\">\r\n\t<label for=\"field_hw7dg\" id=\"field_hw7dg_label\" class=\"frm_primary_label\">Deine Gehaltsvorstellung\r\n\t\t<span class=\"frm_required\" aria-hidden=\"true\">*<\/span>\r\n\t<\/label>\r\n\t<input type=\"number\" id=\"field_hw7dg\" name=\"item_meta[35]\" value=\"\" data-sectionid=\"25\"  data-reqmsg=\"Deine Gehaltsvorstellung cannot be blank.\" aria-required=\"true\" data-invmsg=\"Deine Gehaltsvorstellung ist ung\u00fcltig\" aria-invalid=\"false\"   min=\"0\" max=\"9999999\" step=\"any\" \/>\r\n\t\r\n\t\r\n<\/div>\n<\/div>\n<div id=\"frm_field_36_container\" class=\"frm_form_field frm_section_heading form-field  frm12 frm_first\">\r\n<h3 class=\"frm_pos_top frm_section_spacing\">2. Lebenslauf *<\/h3>\r\n\r\n\r\n<div id=\"frm_field_38_container\" class=\"frm_form_field form-field  frm_required_field frm_top_container frm12 frm_first\">\r\n\t<label for=\"field_51chd\" id=\"field_51chd_label\" class=\"frm_primary_label\">Lade deinen Lebenslauf hier hoch:\r\n\t\t<span class=\"frm_required\" aria-hidden=\"true\">*<\/span>\r\n\t<\/label>\r\n\t<input type=\"hidden\"  data-sectionid=\"36\"  data-reqmsg=\"Sie m\u00fcssen bitte Ihren Resume\/CV hochladen\" data-invmsg=\"Die Datei hat kein g\u00fcltiges Format\" class=\"auto_width\" aria-invalid=\"false\"   name=\"item_meta[38][]\"  data-reqmsg=\"Sie m\u00fcssen bitte Ihren Resume\/CV hochladen\"  value=\"\" data-frmfile=\"38\" \/>\n\n<div class=\"frm_dropzone frm_multi_upload frm_clearfix\" id=\"file38_dropzone\" role=\"group\"  aria-describedby=\"frm_desc_field_51chd\">\n\t<div class=\"fallback\">\n\t\t<input type=\"file\" name=\"file38[]\" id=\"field_51chd\"\n\t\t\t data-frmfile=\"38\" multiple=\"multiple\"  data-sectionid=\"36\"  data-reqmsg=\"Sie m\u00fcssen bitte Ihren Resume\/CV hochladen\" data-invmsg=\"Die Datei hat kein g\u00fcltiges Format\" class=\"auto_width\" aria-invalid=\"false\"  \t\t\t\/>\n\t\t\t\t<div class=\"frm_clearfix \"><\/div>\n\t<\/div>\n\t<div class=\"dz-message needsclick\">\n\t\t\t\t<svg  viewBox=\"0 0 18 18\" class=\"frmsvg frm-svg-icon\">\n\t<path viewBox=\"0 0 18 18\" fill-rule=\"evenodd\" clip-rule=\"evenodd\" d=\"M8.2 4v8a.8.8 0 001.5 0V4l2.1 2.2A.7.7 0 1013 5L9.5 1.7a.7.7 0 00-1.1 0L5.1 5.2a.8.8 0 001 1l2.1-2zm7.6 4.3c.4 0 .7.3.7.7v6.8c0 .4-.3.7-.8.7H2.3a.8.8 0 01-.8-.8V9A.8.8 0 013 9v6h12V9c0-.4.3-.8.8-.8z\"><\/path>\n<\/svg>\t\t<span class=\"frm_upload_text\"><button type=\"button\" aria-label=\"Lade deinen Lebenslauf hier hoch:. Bewerbungsunterlagen hochladen. Maximale Dateigr\u00f6\u00dfe: 8MB\">Bewerbungsunterlagen hochladen<\/button><\/span>\n\t\t<span class=\"frm_compact_text\"><button type=\"button\" aria-label=\"Lade deinen Lebenslauf hier hoch:. Datei w\u00e4hlen. Maximale Dateigr\u00f6\u00dfe: 8MB\">Datei w\u00e4hlen<\/button><\/span>\n\t\t<div class=\"frm_small_text\">\n\t\t\t<p>Maximale Dateigr\u00f6\u00dfe: 8MB<\/p>\n\t\t<\/div>\n\t<\/div>\n<\/div>\n\t\r\n\t<div class=\"frm_description\" id=\"frm_desc_field_51chd\">Nur PDF-Dateien.<\/div>\r\n\t\r\n<\/div>\n<div id=\"frm_field_40_container\" class=\"frm_form_field form-field  frm_top_container frm12 frm_first\">\r\n\t<label for=\"field_zbaf8\" id=\"field_zbaf8_label\" class=\"frm_primary_label\">Oder gib die URL zu deinem LinkedIn-Profil an:\r\n\t\t<span class=\"frm_required\" aria-hidden=\"true\"><\/span>\r\n\t<\/label>\r\n\t<input type=\"url\" id=\"field_zbaf8\" name=\"item_meta[40]\" value=\"\"  data-sectionid=\"36\"  data-invmsg=\"URL hat kein g\u00fcltiges Format\" aria-invalid=\"false\"  \/>\r\n\t\r\n\t\r\n<\/div>\n<\/div>\n<div id=\"frm_field_41_container\" class=\"frm_form_field frm_section_heading form-field  frm12 frm_first frm_total\">\r\n<h3 class=\"frm_pos_top frm_section_spacing\">3. Weitere Informationen<\/h3>\r\n\r\n\r\n<div id=\"frm_field_43_container\" class=\"frm_form_field form-field  frm_top_container frm12 frm_first\">\r\n\t<label for=\"field_c275c\" id=\"field_c275c_label\" class=\"frm_primary_label\">Hier kannst du dein Anschreiben, Zeugnisse, Arbeitsproben, etc. hochladen:\r\n\t\t<span class=\"frm_required\" aria-hidden=\"true\"><\/span>\r\n\t<\/label>\r\n\t<input type=\"hidden\"  data-sectionid=\"41\"  data-invmsg=\"Die Datei hat kein g\u00fcltiges Format\" class=\"auto_width\" aria-invalid=\"false\"   name=\"item_meta[43][]\"  value=\"\" data-frmfile=\"43\" \/>\n\n<div class=\"frm_dropzone frm_multi_upload frm_clearfix\" id=\"file43_dropzone\" role=\"group\"  aria-describedby=\"frm_desc_field_c275c\">\n\t<div class=\"fallback\">\n\t\t<input type=\"file\" name=\"file43[]\" id=\"field_c275c\"\n\t\t\t data-frmfile=\"43\" multiple=\"multiple\"  data-sectionid=\"41\"  data-invmsg=\"Die Datei hat kein g\u00fcltiges Format\" class=\"auto_width\" aria-invalid=\"false\"  \t\t\t\/>\n\t\t\t\t<div class=\"frm_clearfix \"><\/div>\n\t<\/div>\n\t<div class=\"dz-message needsclick\">\n\t\t\t\t<svg  viewBox=\"0 0 18 18\" class=\"frmsvg frm-svg-icon\">\n\t<path viewBox=\"0 0 18 18\" fill-rule=\"evenodd\" clip-rule=\"evenodd\" d=\"M8.2 4v8a.8.8 0 001.5 0V4l2.1 2.2A.7.7 0 1013 5L9.5 1.7a.7.7 0 00-1.1 0L5.1 5.2a.8.8 0 001 1l2.1-2zm7.6 4.3c.4 0 .7.3.7.7v6.8c0 .4-.3.7-.8.7H2.3a.8.8 0 01-.8-.8V9A.8.8 0 013 9v6h12V9c0-.4.3-.8.8-.8z\"><\/path>\n<\/svg>\t\t<span class=\"frm_upload_text\"><button type=\"button\" aria-label=\"Hier kannst du dein Anschreiben, Zeugnisse, Arbeitsproben, etc. hochladen:. Bewerbungsunterlagen hochladen. Maximale Dateigr\u00f6\u00dfe: 5MB\">Bewerbungsunterlagen hochladen<\/button><\/span>\n\t\t<span class=\"frm_compact_text\"><button type=\"button\" aria-label=\"Hier kannst du dein Anschreiben, Zeugnisse, Arbeitsproben, etc. hochladen:. Datei w\u00e4hlen. Maximale Dateigr\u00f6\u00dfe: 5MB\">Datei w\u00e4hlen<\/button><\/span>\n\t\t<div class=\"frm_small_text\">\n\t\t\t<p>Maximale Dateigr\u00f6\u00dfe: 5MB<\/p>\n\t\t<\/div>\n\t<\/div>\n<\/div>\n\t\r\n\t<div class=\"frm_description\" id=\"frm_desc_field_c275c\">Nur PDF-Dateien.<\/div>\r\n\t\r\n<\/div>\n<div id=\"frm_field_44_container\" class=\"frm_form_field form-field  frm_top_container frm12 frm_first\">\r\n\t<label for=\"field_bshum\" id=\"field_bshum_label\" class=\"frm_primary_label\">Und hier ist Platz f\u00fcr eine URL zu Arbeitsproben und Co.:\r\n\t\t<span class=\"frm_required\" aria-hidden=\"true\"><\/span>\r\n\t<\/label>\r\n\t<input type=\"url\" id=\"field_bshum\" name=\"item_meta[44]\" value=\"\"  data-sectionid=\"41\"  data-invmsg=\"URL hat kein g\u00fcltiges Format\" aria-invalid=\"false\"  \/>\r\n\t\r\n\t\r\n<\/div>\n<\/div>\n<div id=\"frm_field_45_container\" class=\"frm_form_field frm_section_heading form-field  frm12 frm_first\">\r\n<h3 class=\"frm_pos_top frm_section_spacing\">4. Wie hast du von uns geh\u00f6rt? *<\/h3>\r\n\r\n\r\n<div id=\"frm_field_47_container\" class=\"frm_form_field form-field  frm_required_field frm_top_container frm12 frm_first vertical_radio frm_other_container\">\r\n\t<div id=\"field_stqqz_label\" class=\"frm_primary_label\">Wie hast du von uns geh\u00f6rt?\r\n\t\t<span class=\"frm_required\" aria-hidden=\"true\">*<\/span>\r\n\t<\/div>\r\n\t<div class=\"frm_opt_container\" role=\"group\">\t\t<div class=\"frm_checkbox\" id=\"frm_checkbox_47-45-0\">\t\t\t<label  for=\"field_stqqz-0\">\n\t\t\t<input type=\"checkbox\" name=\"item_meta[47][]\" id=\"field_stqqz-0\" value=\"LinkedIn\"  data-sectionid=\"45\"  data-reqmsg=\"Bitte teile uns mit, wie du von uns geh\u00f6rt hast.\" data-invmsg=\"Wie hast du von uns geh\u00f6rt? ist ung\u00fcltig\"   aria-required=\"true\"  \/> LinkedIn<\/label><\/div>\n\t\t<div class=\"frm_checkbox\" id=\"frm_checkbox_47-45-1\">\t\t\t<label  for=\"field_stqqz-1\">\n\t\t\t<input type=\"checkbox\" name=\"item_meta[47][]\" id=\"field_stqqz-1\" value=\"Karrieremesse\"  data-sectionid=\"45\"  data-reqmsg=\"Bitte teile uns mit, wie du von uns geh\u00f6rt hast.\" data-invmsg=\"Wie hast du von uns geh\u00f6rt? ist ung\u00fcltig\"   \/> Karrieremesse<\/label><\/div>\n\t\t<div class=\"frm_checkbox\" id=\"frm_checkbox_47-45-6\">\t\t\t<label  for=\"field_stqqz-6\">\n\t\t\t<input type=\"checkbox\" name=\"item_meta[47][]\" id=\"field_stqqz-6\" value=\"Jobportal\"  data-sectionid=\"45\"  data-reqmsg=\"Bitte teile uns mit, wie du von uns geh\u00f6rt hast.\" data-invmsg=\"Wie hast du von uns geh\u00f6rt? ist ung\u00fcltig\"   \/> Jobportal<\/label><\/div>\n\t\t<div class=\"frm_checkbox\" id=\"frm_checkbox_47-45-4\">\t\t\t<label  for=\"field_stqqz-4\">\n\t\t\t<input type=\"checkbox\" name=\"item_meta[47][]\" id=\"field_stqqz-4\" value=\"Pers\u00f6nliche Empfehlung\"  data-sectionid=\"45\"  data-reqmsg=\"Bitte teile uns mit, wie du von uns geh\u00f6rt hast.\" data-invmsg=\"Wie hast du von uns geh\u00f6rt? ist ung\u00fcltig\"   \/> Pers\u00f6nliche Empfehlung<\/label><\/div>\n\t\t<div class=\"frm_checkbox\" id=\"frm_checkbox_47-45-other_5\">\t\t\t<label  for=\"field_stqqz-other_5\">\n\t\t\t<input type=\"checkbox\" name=\"item_meta[47][other_5]\" id=\"field_stqqz-other_5\" value=\"Andere\"  data-sectionid=\"45\"  data-reqmsg=\"Bitte teile uns mit, wie du von uns geh\u00f6rt hast.\" data-invmsg=\"Wie hast du von uns geh\u00f6rt? ist ung\u00fcltig\"   \/> Andere<\/label><label for=\"field_stqqz-other_5-otext\" class=\"frm_screen_reader frm_hidden\">Andere<\/label><input type=\"text\" id=\"field_stqqz-other_5-otext\" class=\"frm_other_input frm_pos_none\"  name=\"item_meta[other][47][other_5]\" value=\"\" \/><\/div>\n<\/div>\r\n\t\r\n\t\r\n<\/div>\n<div id=\"frm_field_48_container\" class=\"frm_form_field form-field  frm_top_container frm12 frm_first\">\r\n\t<label for=\"field_vv1vt\" id=\"field_vv1vt_label\" class=\"frm_primary_label\">\u00dcber welche Karrieremesse?\r\n\t\t<span class=\"frm_required\" aria-hidden=\"true\"><\/span>\r\n\t<\/label>\r\n\t<input  type=\"text\" id=\"field_vv1vt\" name=\"item_meta[48]\" value=\"\"  data-sectionid=\"45\"  data-invmsg=\"\u00dcber welche Karrieremesse? ist ung\u00fcltig\" aria-invalid=\"false\"   \/>\r\n\t\r\n\t\r\n<\/div>\n<div id=\"frm_field_49_container\" class=\"frm_form_field form-field  frm_top_container\">\r\n\t<label for=\"field_xcnry\" id=\"field_xcnry_label\" class=\"frm_primary_label\">Empfehlung durch wen?\r\n\t\t<span class=\"frm_required\" aria-hidden=\"true\"><\/span>\r\n\t<\/label>\r\n\t<input  type=\"text\" id=\"field_xcnry\" name=\"item_meta[49]\" value=\"\"  data-sectionid=\"45\"  data-invmsg=\"Empfehlung durch wen? ist ung\u00fcltig\" aria-invalid=\"false\"   \/>\r\n\t\r\n\t\r\n<\/div>\n<\/div>\n<div id=\"frm_field_50_container\" class=\"frm_form_field frm_section_heading form-field  frm12 frm_first\">\r\n<h3 class=\"frm_pos_top frm_section_spacing\">Datenschutz<\/h3>\r\n\r\n\r\n<div id=\"frm_field_52_container\" class=\"frm_form_field  frm12 frm_first frm_html_container form-field\">\n<p>SI Industry GmbH verpflichtet sich, deine Privatsph\u00e4re zu sch\u00fctzen und zu respektieren. Indem du auf \u201eAbsenden\u201c klickst, stimmst du zu, dass SI Industry GmbH die oben angegebenen pers\u00f6nlichen Daten speichert und im Verlauf des Bewerbungsprozesses verarbeitet. Weitere Details findest du in unserer Datenschutzerkl\u00e4rung am Ende dieser Seite.<\/p>\n<\/div>\n<div id=\"frm_field_53_container\" class=\"frm_form_field form-field  frm_required_field frm_top_container frm12 frm_first vertical_radio\">\r\n\t<div id=\"field_be851_label\" class=\"frm_primary_label\">Datenschutz\r\n\t\t<span class=\"frm_required\" aria-hidden=\"true\">*<\/span>\r\n\t<\/div>\r\n\t<div class=\"frm_opt_container\" role=\"group\">\t\t<div class=\"frm_checkbox\" id=\"frm_checkbox_53-50-0\">\t\t\t<label  for=\"field_be851-0\">\n\t\t\t<input type=\"checkbox\" name=\"item_meta[53][]\" id=\"field_be851-0\" value=\"Ich akzeptiere die Datenschutzrichtlinien der SI Industry GmbH\"  data-sectionid=\"50\"  data-reqmsg=\"F\u00fcr eine Bewerbung ist es erforderlich, dass Sie die Datenschutzerkl\u00e4rung akzeptieren.\" data-invmsg=\"Datenschutz ist ung\u00fcltig\"   aria-required=\"true\"  \/> Ich akzeptiere die Datenschutzrichtlinien der SI Industry GmbH<\/label><\/div>\n<\/div>\r\n\t\r\n\t\r\n<\/div>\n<\/div>\n<input type=\"hidden\" name=\"item_meta[54]\" id=\"field_lu099\" value=\"de\"  data-frmval=\"de\"   \/>\n<div id=\"frm_field_15_container\" class=\"frm_form_field form-field \">\r\n\t<div class=\"frm_submit frm_flex\">\r\n<button class=\"frm_button_submit frm_final_submit\" type=\"submit\"  formnovalidate=\"formnovalidate\">Senden<\/button>\r\n\r\n\r\n\r\n<\/div>\r\n<\/div>\n\t<input type=\"hidden\" name=\"item_key\" value=\"\" \/>\n\t\t\t<div id=\"frm_field_55_container\">\n\t\t\t<label for=\"field_flnfc\" >\n\t\t\t\tFalls Du menschlich bist, lasse dieses Feld leer.\t\t\t<\/label>\n\t\t\t<input  id=\"field_flnfc\" type=\"text\" class=\"frm_form_field form-field frm_verify\" name=\"item_meta[55]\" value=\"\"  \/>\n\t\t<\/div>\n\t\t<input name=\"frm_state\" type=\"hidden\" value=\"woOBYxM1XFDNridlkjqpzfeB+l9ykQ8DQ\/Fc7Vg91l7pFqHLviIdatMvNRNRALPeEo4+yBRK1FCNfZVZgxsFe3RDco4jKXjhtlW6tAIwlAU=\" \/><\/div>\n<\/fieldset>\n<\/div>\n\n<\/form>\n<\/div>\n","protected":false},"excerpt":{"rendered":"","protected":false},"author":1,"featured_media":0,"parent":155,"menu_order":0,"comment_status":"closed","ping_status":"closed","template":"template-application.php","meta":{"footnotes":""},"class_list":["post-227","page","type-page","status-publish","hentry"],"aioseo_notices":[],"acf":[],"_links":{"self":[{"href":"https:\/\/si-industry.com\/de\/wp-json\/wp\/v2\/pages\/227","targetHints":{"allow":["GET"]}}],"collection":[{"href":"https:\/\/si-industry.com\/de\/wp-json\/wp\/v2\/pages"}],"about":[{"href":"https:\/\/si-industry.com\/de\/wp-json\/wp\/v2\/types\/page"}],"author":[{"embeddable":true,"href":"https:\/\/si-industry.com\/de\/wp-json\/wp\/v2\/users\/1"}],"replies":[{"embeddable":true,"href":"https:\/\/si-industry.com\/de\/wp-json\/wp\/v2\/comments?post=227"}],"version-history":[{"count":1,"href":"https:\/\/si-industry.com\/de\/wp-json\/wp\/v2\/pages\/227\/revisions"}],"predecessor-version":[{"id":230,"href":"https:\/\/si-industry.com\/de\/wp-json\/wp\/v2\/pages\/227\/revisions\/230"}],"up":[{"embeddable":true,"href":"https:\/\/si-industry.com\/de\/wp-json\/wp\/v2\/pages\/155"}],"wp:attachment":[{"href":"https:\/\/si-industry.com\/de\/wp-json\/wp\/v2\/media?parent=227"}],"curies":[{"name":"wp","href":"https:\/\/api.w.org\/{rel}","templated":true}]}}