{"id":62,"date":"2024-10-25T15:52:41","date_gmt":"2024-10-25T13:52:41","guid":{"rendered":"https:\/\/si-industry.com\/?page_id=62"},"modified":"2025-04-22T13:08:23","modified_gmt":"2025-04-22T11:08:23","slug":"impressum","status":"publish","type":"page","link":"https:\/\/si-industry.com\/de\/impressum\/","title":{"rendered":"Impressum"},"content":{"rendered":"\n<p><strong>Angaben nach \u00a7 5 TMG<\/strong><br><br>SI Industry GmbH<\/p>\n\n\n\n<p>Friesenheimer Str. 25<\/p>\n\n\n\n<p>68169 Mannheim<br><br><br>Vertreten durch:<\/p>\n\n\n\n<p><\/p>\n\n\n\n<p>Uwe Becker (kaufm\u00e4nnischer Gesch\u00e4ftsf\u00fchrer)\u00a0<\/p>\n\n\n\n<p>Bj\u00f6rn Ernst (technischer Gesch\u00e4ftsf\u00fchrer)<br><br>Telefon: +49 621 405406-0<\/p>\n\n\n\n<p>E-Mail: <a href=\"mailto:office@si-logistics.com\">office@si-industry.com<\/a><br><br><br><br><br><br><strong>Konzeption &amp; Realisation<\/strong><\/p>\n\n\n\n<p>Callies &amp; Schewe Kommunikation GmbH<br><a href=\"https:\/\/www.calliesundschewe.de\/\" target=\"_blank\" rel=\"noreferrer noopener\">www.calliesundschewe.de<\/a><\/p>\n\n\n\n<p><\/p>\n","protected":false},"excerpt":{"rendered":"<p>Angaben nach \u00a7 5 TMG SI Industry GmbH Friesenheimer Str. 25 68169 Mannheim Vertreten durch: Uwe Becker (kaufm\u00e4nnischer Gesch\u00e4ftsf\u00fchrer)\u00a0 Bj\u00f6rn Ernst (technischer Gesch\u00e4ftsf\u00fchrer) Telefon: +49 621 405406-0 E-Mail: office@si-industry.com Konzeption &amp; Realisation Callies &amp; Schewe Kommunikation GmbHwww.calliesundschewe.de<\/p>\n","protected":false},"author":1,"featured_media":0,"parent":0,"menu_order":0,"comment_status":"closed","ping_status":"closed","template":"","meta":{"footnotes":""},"class_list":["post-62","page","type-page","status-publish","hentry"],"aioseo_notices":[],"acf":[],"_links":{"self":[{"href":"https:\/\/si-industry.com\/de\/wp-json\/wp\/v2\/pages\/62","targetHints":{"allow":["GET"]}}],"collection":[{"href":"https:\/\/si-industry.com\/de\/wp-json\/wp\/v2\/pages"}],"about":[{"href":"https:\/\/si-industry.com\/de\/wp-json\/wp\/v2\/types\/page"}],"author":[{"embeddable":true,"href":"https:\/\/si-industry.com\/de\/wp-json\/wp\/v2\/users\/1"}],"replies":[{"embeddable":true,"href":"https:\/\/si-industry.com\/de\/wp-json\/wp\/v2\/comments?post=62"}],"version-history":[{"count":1,"href":"https:\/\/si-industry.com\/de\/wp-json\/wp\/v2\/pages\/62\/revisions"}],"predecessor-version":[{"id":356,"href":"https:\/\/si-industry.com\/de\/wp-json\/wp\/v2\/pages\/62\/revisions\/356"}],"wp:attachment":[{"href":"https:\/\/si-industry.com\/de\/wp-json\/wp\/v2\/media?parent=62"}],"curies":[{"name":"wp","href":"https:\/\/api.w.org\/{rel}","templated":true}]}}