{"id":630,"date":"2025-09-09T14:10:26","date_gmt":"2025-09-09T12:10:26","guid":{"rendered":"https:\/\/si-industry.com\/?page_id=630"},"modified":"2025-09-09T14:10:27","modified_gmt":"2025-09-09T12:10:27","slug":"zertifikate","status":"publish","type":"page","link":"https:\/\/si-industry.com\/de\/zertifikate\/","title":{"rendered":"Zertifikate"},"content":{"rendered":"<div id=\"keyvisualblock_c3d0a5a190ceed29ccb721931afc09c7\" class=\"has-background block__keyvisual--type-single-chip block__keyvisual alignfull -detect-in-viewport\" data-controller=\"keyvisual\" >\n    \n\n    <div class=\"keyvisual__wrapper\">\n        <div class=\"container inner-blocks\">\n                            <div class=\"keyvisual__single-chip\">\n                    <img loading=\"lazy\" decoding=\"async\" width=\"1074\" height=\"1080\" src=\"https:\/\/si-industry.com\/wp-content\/uploads\/sites\/5\/2025\/09\/Curve-1-1074x1080.webp\" class=\"attachment-fullscreen_16_9 size-fullscreen_16_9\" alt=\"\" srcset=\"https:\/\/si-industry.com\/wp-content\/uploads\/sites\/5\/2025\/09\/Curve-1-1074x1080.webp 1074w, https:\/\/si-industry.com\/wp-content\/uploads\/sites\/5\/2025\/09\/Curve-1-150x150.webp 150w, https:\/\/si-industry.com\/wp-content\/uploads\/sites\/5\/2025\/09\/Curve-1-298x300.webp 298w, https:\/\/si-industry.com\/wp-content\/uploads\/sites\/5\/2025\/09\/Curve-1-768x773.webp 768w, https:\/\/si-industry.com\/wp-content\/uploads\/sites\/5\/2025\/09\/Curve-1-1018x1024.webp 1018w, https:\/\/si-industry.com\/wp-content\/uploads\/sites\/5\/2025\/09\/Curve-1-398x400.webp 398w, https:\/\/si-industry.com\/wp-content\/uploads\/sites\/5\/2025\/09\/Curve-1.webp 1512w\" sizes=\"auto, (max-width: 1074px) 100vw, 1074px\" \/>                <\/div>\n                        \n\n<div class=\"wp-block-group is-vertical is-content-justification-center is-nowrap is-layout-flex wp-container-core-group-is-layout-6e392426 wp-block-group-is-layout-flex\">\n<h1 class=\"wp-block-heading\">Zertifi\u00adkate<\/h1>\n<\/div>\n\n        <\/div>\n\n    <\/div>\n\n    \n\n<\/div>\n\n\n<div class=\"wp-block-group alignwide has-light-grey-background-color has-background is-layout-constrained wp-block-group-is-layout-constrained\"><div class=\"wp-bootstrap-blocks-row row align-items-center\">\n\t\n\n<div class=\"col-12 col-md-6\">\n\t\t\t\n\n<div id=\"animationblock_7d74c70c984a2defb9611517a9c70e1b\" class=\"block__animation alignfull -detect-in-viewport\">\n\n\n  <div class=\"animation__inner-blocks inner-blocks  animate__animated animate__fadeInLeft animate__delay-default\">\n\n\n    \n\n<h2 class=\"wp-block-heading\">T\u00dcV Saar_EN764-5 + T\u00dcV-DGR2014.68-EU<\/h2>\n\n\n\n<p>Dieses Zertifikat best\u00e4tigt, dass ein Unternehmen \u00fcber ein gepr\u00fcftes und anerkanntes Verfahren verf\u00fcgt, um die Werkstoffkennzeichnungen (z. B. Chargen- und Schmelznummern, Werkstoffbezeichnungen, Normangaben) von Herstellern oder Lieferanten l\u00fcckenlos auf Halbzeuge, Bauteile und Schwei\u00dfkonstruktionen zu \u00fcbertragen. Ziel ist die Sicherstellung der R\u00fcckverfolgbarkeit vom Endprodukt bis zum Ursprungsmaterial. Es gew\u00e4hrleistet, dass die im Anlagen- und Rohrleitungsbau sowie in der Schwei\u00dftechnik eingesetzten Materialien eindeutig identifiziert und den zugeh\u00f6rigen Pr\u00fcfzeugnissen (z. B. nach EN 10204) zugeordnet werden k\u00f6nnen.<\/p>\n\n\n\n<p>In Branchen wie Chemie, Petrochemie und Kraftwerkstechnik ist diese R\u00fcckverfolgbarkeit besonders wichtig, da nur so die Sicherheits- und Qualit\u00e4tsanforderungen sowie gesetzliche und normative Vorgaben zuverl\u00e4ssig eingehalten werden.<\/p>\n\n\n\n<p>Dieses Zertifikat bescheinigt die ordnungsgem\u00e4\u00dfe und nachvollziehbare Kennzeichnungs\u00fcbertragung von Werkstoffen \u2013 eine Grundvoraussetzung f\u00fcr Sicherheit, Qualit\u00e4t und Compliance in schwei\u00dftechnischen und anlagenbaulichen Projekten.<\/p>\n\n\n\n<div id=\"buttonblock_b3469a580c81c3dd808ff199a7e0c17d\" class=\"btn--align-left block__button -detect-in-viewport\">\n\n  <div class=\"button__link \">\n          <a href=\"https:\/\/si-industry.com\/wp-content\/uploads\/sites\/5\/2025\/09\/Zertfikat-SGS-TUeV-Saar_EN-764-5-1.pdf\" target=\"\" class=\"btn btn--primary   \">\n        Zertifikat ansehen        <svg viewBox=\"0 0 24 24\">\n          <use xlink:href=\"#button-arrow\"><\/use>\n        <\/svg>\n      <\/a>\n      <\/div>\n\n\n\n<\/div>\n  <\/div>\n\n<\/div>\n\t<\/div>\n\n\n\n<div class=\"col-12 col-md-6 vertical-center\">\n\t\t\t\n\n<div id=\"animationblock_c09aa567bbffc18eb5e262888818ea4b\" class=\"block__animation -detect-in-viewport\">\n\n\n  <div class=\"animation__inner-blocks inner-blocks  animate__animated animate__fadeIn animate__delay-default\">\n\n\n    \n\n<figure class=\"wp-block-image aligncenter size-medium\"><img loading=\"lazy\" decoding=\"async\" width=\"300\" height=\"200\" src=\"https:\/\/si-industry.com\/wp-content\/uploads\/sites\/5\/2025\/09\/TUEV-DGR_2014-68-EU-300x200.webp\" alt=\"\" class=\"wp-image-672\" srcset=\"https:\/\/si-industry.com\/wp-content\/uploads\/sites\/5\/2025\/09\/TUEV-DGR_2014-68-EU-300x200.webp 300w, https:\/\/si-industry.com\/wp-content\/uploads\/sites\/5\/2025\/09\/TUEV-DGR_2014-68-EU-768x512.webp 768w, https:\/\/si-industry.com\/wp-content\/uploads\/sites\/5\/2025\/09\/TUEV-DGR_2014-68-EU-1024x683.webp 1024w, https:\/\/si-industry.com\/wp-content\/uploads\/sites\/5\/2025\/09\/TUEV-DGR_2014-68-EU-400x267.webp 400w, https:\/\/si-industry.com\/wp-content\/uploads\/sites\/5\/2025\/09\/TUEV-DGR_2014-68-EU.webp 1536w\" sizes=\"auto, (max-width: 300px) 100vw, 300px\" \/><\/figure>\n\n  <\/div>\n\n<\/div>\n\t<\/div>\n\n<\/div>\n<\/div>\n\n\n\n<div class=\"wp-block-group alignwide is-layout-constrained wp-block-group-is-layout-constrained\"><div class=\"wp-bootstrap-blocks-row row align-items-center\">\n\t\n\n<div class=\"col-12 col-md-6 vertical-center\">\n\t\t\t\n\n<div id=\"animationblock_c09aa567bbffc18eb5e262888818ea4b\" class=\"block__animation -detect-in-viewport\">\n\n\n  <div class=\"animation__inner-blocks inner-blocks  animate__animated animate__fadeIn animate__delay-default\">\n\n\n    \n\n<figure class=\"wp-block-image aligncenter size-medium\"><img loading=\"lazy\" decoding=\"async\" width=\"300\" height=\"200\" src=\"https:\/\/si-industry.com\/wp-content\/uploads\/sites\/5\/2025\/09\/TUEV-DIN_EN_ISO_3834-300x200.webp\" alt=\"\" class=\"wp-image-670\" srcset=\"https:\/\/si-industry.com\/wp-content\/uploads\/sites\/5\/2025\/09\/TUEV-DIN_EN_ISO_3834-300x200.webp 300w, https:\/\/si-industry.com\/wp-content\/uploads\/sites\/5\/2025\/09\/TUEV-DIN_EN_ISO_3834-768x512.webp 768w, https:\/\/si-industry.com\/wp-content\/uploads\/sites\/5\/2025\/09\/TUEV-DIN_EN_ISO_3834-1024x683.webp 1024w, https:\/\/si-industry.com\/wp-content\/uploads\/sites\/5\/2025\/09\/TUEV-DIN_EN_ISO_3834-400x267.webp 400w, https:\/\/si-industry.com\/wp-content\/uploads\/sites\/5\/2025\/09\/TUEV-DIN_EN_ISO_3834.webp 1536w\" sizes=\"auto, (max-width: 300px) 100vw, 300px\" \/><\/figure>\n\n  <\/div>\n\n<\/div>\n\t<\/div>\n\n\n\n<div class=\"col-12 col-md-6\">\n\t\t\t\n\n<div id=\"animationblock_c99d633d5e8ebd024f7ce3a27e665379\" class=\"block__animation alignfull -detect-in-viewport\">\n\n\n  <div class=\"animation__inner-blocks inner-blocks  animate__animated animate__fadeInRight animate__delay-default\">\n\n\n    \n\n<h2 class=\"wp-block-heading\">DIN EN ISO 3834 T3<\/h2>\n\n\n\n<p>DIN EN ISO 3834-2\/-3\/-4 ist eine Normenreihe f\u00fcr Qualit\u00e4tsanforderungen beim Schmelzschwei\u00dfen von metallischen Werkstoffen.<\/p>\n\n\n\n<p>Sie erg\u00e4nzt die ISO 9001 um spezifische Anforderungen an die schwei\u00dftechnische Fertigung (z. B. Personalqualifikation, Schwei\u00dfanweisungen\/WPS, Pr\u00fcfungen, Dokumentation, R\u00fcckverfolgbarkeit).<\/p>\n\n\n\n<p>**Teil 3 (T3 \u2013 Normstufe \u201eStandard Quality Requirements\u201c) ** definiert mittlere Qualit\u00e4tsanforderungen, die vor allem dort angewandt werden, wo Schwei\u00dfarbeiten sicherheits- und funktionsrelevant sind, aber nicht das volle, h\u00f6chste Anforderungsniveau (T2 \u2013 umfassend) ben\u00f6tigen.<\/p>\n\n\n\n<p>F\u00fcr den Anlagen- und Rohrleitungsbau sowie die Schwei\u00dftechnik im Bereich Chemie, Petrochemie und Kraftwerkstechnik bedeutet das:<\/p>\n\n\n\n<p>Nachweis einer strukturierten schwei\u00dftechnischen Qualit\u00e4tssicherung, Einsatz qualifizierter Schwei\u00dfer und Schwei\u00dfaufsichtspersonen und Einhaltung festgelegter Pr\u00fcf- und Dokumentationspflichten.<\/p>\n\n\n\n<p>Das Zertifikat DIN EN ISO 3834-3 best\u00e4tigt, dass ein Unternehmen im Bereich Schwei\u00dfen die international anerkannten Standard-Qualit\u00e4tsanforderungen erf\u00fcllt \u2013 ein wichtiges G\u00fctesiegel f\u00fcr Sicherheit und Zuverl\u00e4ssigkeit in anspruchsvollen Industrieprojekten.<\/p>\n\n\n\n<div id=\"buttonblock_aba88b3228934018f401c885f53d8ef9\" class=\"btn--align-left block__button -detect-in-viewport\">\n\n  <div class=\"button__link \">\n          <a href=\"https:\/\/si-industry.com\/wp-content\/uploads\/sites\/5\/2025\/09\/Zertifikat-Rohrleitungen-DIN-EN-ISO-3834-T3-1.pdf\" target=\"\" class=\"btn btn--primary   \">\n        Zertifikat ansehen        <svg viewBox=\"0 0 24 24\">\n          <use xlink:href=\"#button-arrow\"><\/use>\n        <\/svg>\n      <\/a>\n      <\/div>\n\n\n\n<\/div>\n  <\/div>\n\n<\/div>\n\t<\/div>\n\n<\/div>\n<\/div>\n\n\n\n<div class=\"wp-block-group alignwide has-light-grey-background-color has-background is-layout-constrained wp-block-group-is-layout-constrained\"><div class=\"wp-bootstrap-blocks-row row align-items-center\">\n\t\n\n<div class=\"col-12 col-md-6\">\n\t\t\t\n\n<div id=\"animationblock_7d74c70c984a2defb9611517a9c70e1b\" class=\"block__animation alignfull -detect-in-viewport\">\n\n\n  <div class=\"animation__inner-blocks inner-blocks  animate__animated animate__fadeInLeft animate__delay-default\">\n\n\n    \n\n<h2 class=\"wp-block-heading\">EN ISO 9001<\/h2>\n\n\n\n<p>Die EN ISO 9001 ist eine international anerkannte Norm f\u00fcr Qualit\u00e4tsmanagementsysteme. Sie stellt sicher, dass ein Unternehmen seine Prozesse systematisch plant, steuert und verbessert. F\u00fcr den Bereich Anlagen- und Rohrleitungsbau sowie Schwei\u00dftechnik bedeutet das: standardisierte Abl\u00e4ufe von der Planung \u00fcber die Fertigung bis zur Montage, klare Nachweise f\u00fcr Material- und Verfahrensqualifikationen, sowie l\u00fcckenlose Dokumentation der Qualit\u00e4tssicherung.<\/p>\n\n\n\n<p>Besonders in der Chemie, Petrochemie und Kraftwerkstechnik gew\u00e4hrleistet das Zertifikat die Einhaltung hoher Qualit\u00e4tsstandards, die f\u00fcr Sicherheit, Zuverl\u00e4ssigkeit und regulatorische Konformit\u00e4t unerl\u00e4sslich sind.<\/p>\n\n\n\n<div id=\"buttonblock_b0aac194dfcd509445927ca0e2ada46c\" class=\"btn--align-left block__button -detect-in-viewport\">\n\n  <div class=\"button__link \">\n          <a href=\"https:\/\/si-industry.com\/wp-content\/uploads\/sites\/5\/2025\/09\/TUeV-AUSTRIA-Zertifizierung-EN-ISO-9001_2015.pdf\" target=\"\" class=\"btn btn--primary   \">\n        Zertifikat ansehen        <svg viewBox=\"0 0 24 24\">\n          <use xlink:href=\"#button-arrow\"><\/use>\n        <\/svg>\n      <\/a>\n      <\/div>\n\n\n\n<\/div>\n  <\/div>\n\n<\/div>\n\t<\/div>\n\n\n\n<div class=\"col-12 col-md-6 vertical-center\">\n\t\t\t\n\n<div id=\"animationblock_c09aa567bbffc18eb5e262888818ea4b\" class=\"block__animation -detect-in-viewport\">\n\n\n  <div class=\"animation__inner-blocks inner-blocks  animate__animated animate__fadeIn animate__delay-default\">\n\n\n    \n\n<figure class=\"wp-block-image aligncenter size-full is-resized\"><img loading=\"lazy\" decoding=\"async\" width=\"1000\" height=\"500\" src=\"https:\/\/si-industry.com\/wp-content\/uploads\/sites\/5\/2025\/09\/si_industry_z_talogo_qm_scc_25.webp\" alt=\"\" class=\"wp-image-674\" style=\"width:350px\" srcset=\"https:\/\/si-industry.com\/wp-content\/uploads\/sites\/5\/2025\/09\/si_industry_z_talogo_qm_scc_25.webp 1000w, https:\/\/si-industry.com\/wp-content\/uploads\/sites\/5\/2025\/09\/si_industry_z_talogo_qm_scc_25-300x150.webp 300w, https:\/\/si-industry.com\/wp-content\/uploads\/sites\/5\/2025\/09\/si_industry_z_talogo_qm_scc_25-768x384.webp 768w, https:\/\/si-industry.com\/wp-content\/uploads\/sites\/5\/2025\/09\/si_industry_z_talogo_qm_scc_25-400x200.webp 400w\" sizes=\"auto, (max-width: 1000px) 100vw, 1000px\" \/><\/figure>\n\n  <\/div>\n\n<\/div>\n\t<\/div>\n\n<\/div>\n<\/div>\n\n\n\n<div class=\"wp-block-group alignwide is-layout-constrained wp-block-group-is-layout-constrained\"><div class=\"wp-bootstrap-blocks-row row align-items-center\">\n\t\n\n<div class=\"col-12 col-md-6 vertical-center\">\n\t\t\t\n\n<div id=\"animationblock_c09aa567bbffc18eb5e262888818ea4b\" class=\"block__animation -detect-in-viewport\">\n\n\n  <div class=\"animation__inner-blocks inner-blocks  animate__animated animate__fadeIn animate__delay-default\">\n\n\n    \n\n<figure class=\"wp-block-image aligncenter size-full is-resized\"><img loading=\"lazy\" decoding=\"async\" width=\"1000\" height=\"500\" src=\"https:\/\/si-industry.com\/wp-content\/uploads\/sites\/5\/2025\/09\/si_industry_z_talogo_qm_scc_25.webp\" alt=\"\" class=\"wp-image-674\" style=\"width:350px\" srcset=\"https:\/\/si-industry.com\/wp-content\/uploads\/sites\/5\/2025\/09\/si_industry_z_talogo_qm_scc_25.webp 1000w, https:\/\/si-industry.com\/wp-content\/uploads\/sites\/5\/2025\/09\/si_industry_z_talogo_qm_scc_25-300x150.webp 300w, https:\/\/si-industry.com\/wp-content\/uploads\/sites\/5\/2025\/09\/si_industry_z_talogo_qm_scc_25-768x384.webp 768w, https:\/\/si-industry.com\/wp-content\/uploads\/sites\/5\/2025\/09\/si_industry_z_talogo_qm_scc_25-400x200.webp 400w\" sizes=\"auto, (max-width: 1000px) 100vw, 1000px\" \/><\/figure>\n\n  <\/div>\n\n<\/div>\n\t<\/div>\n\n\n\n<div class=\"col-12 col-md-6\">\n\t\t\t\n\n<div id=\"animationblock_c99d633d5e8ebd024f7ce3a27e665379\" class=\"block__animation alignfull -detect-in-viewport\">\n\n\n  <div class=\"animation__inner-blocks inner-blocks  animate__animated animate__fadeInRight animate__delay-default\">\n\n\n    \n\n<h2 class=\"wp-block-heading\">SCC** (Safety Certificate Contractors, Stufe \u201eSCC**\u201c)<\/h2>\n\n\n\n<p>Das SCC** ist ein kombiniertes Managementsystem f\u00fcr Arbeitssicherheit, Gesundheits- und Umweltschutz (SGU). Die Stufe \u201e**\u201c richtet sich speziell an Unternehmen mit operativen T\u00e4tigkeiten auf Baustellen oder in Anlagen, bei denen Mitarbeiter sicherheitskritische Arbeiten ausf\u00fchren. Im Geltungsbereich Anlagen-\/Rohrleitungsbau und Schwei\u00dftechnik stellt das SCC sicher, dass alle T\u00e4tigkeiten unter h\u00f6chsten Sicherheitsstandards erfolgen \u2013 von der Gef\u00e4hrdungsbeurteilung \u00fcber die Auswahl und Schulung des Personals bis hin zur sicheren Durchf\u00fchrung von Schwei\u00df- und Montagearbeiten.<\/p>\n\n\n\n<p>In der Chemie- und Petrochemieindustrie sowie in Kraftwerken ist dies besonders relevant, da Arbeiten oft in explosionsgef\u00e4hrdeten, hochsensiblen und sicherheitskritischen Bereichen stattfinden.<\/p>\n\n\n\n<div id=\"buttonblock_64362cffaa881a7d9e20c0b965c8b1e7\" class=\"btn--align-left block__button -detect-in-viewport\">\n\n  <div class=\"button__link \">\n          <a href=\"https:\/\/si-industry.com\/wp-content\/uploads\/sites\/5\/2025\/09\/TUeV-AUSTRIA-Zertifikat-SCC.pdf\" target=\"\" class=\"btn btn--primary   \">\n        Zertifikat ansehen        <svg viewBox=\"0 0 24 24\">\n          <use xlink:href=\"#button-arrow\"><\/use>\n        <\/svg>\n      <\/a>\n      <\/div>\n\n\n\n<\/div>\n  <\/div>\n\n<\/div>\n\t<\/div>\n\n<\/div>\n<\/div>\n\n\n\n<p><\/p>\n","protected":false},"excerpt":{"rendered":"","protected":false},"author":1,"featured_media":0,"parent":0,"menu_order":0,"comment_status":"closed","ping_status":"closed","template":"","meta":{"footnotes":""},"class_list":["post-630","page","type-page","status-publish","hentry"],"aioseo_notices":[],"acf":[],"_links":{"self":[{"href":"https:\/\/si-industry.com\/de\/wp-json\/wp\/v2\/pages\/630","targetHints":{"allow":["GET"]}}],"collection":[{"href":"https:\/\/si-industry.com\/de\/wp-json\/wp\/v2\/pages"}],"about":[{"href":"https:\/\/si-industry.com\/de\/wp-json\/wp\/v2\/types\/page"}],"author":[{"embeddable":true,"href":"https:\/\/si-industry.com\/de\/wp-json\/wp\/v2\/users\/1"}],"replies":[{"embeddable":true,"href":"https:\/\/si-industry.com\/de\/wp-json\/wp\/v2\/comments?post=630"}],"version-history":[{"count":9,"href":"https:\/\/si-industry.com\/de\/wp-json\/wp\/v2\/pages\/630\/revisions"}],"predecessor-version":[{"id":678,"href":"https:\/\/si-industry.com\/de\/wp-json\/wp\/v2\/pages\/630\/revisions\/678"}],"wp:attachment":[{"href":"https:\/\/si-industry.com\/de\/wp-json\/wp\/v2\/media?parent=630"}],"curies":[{"name":"wp","href":"https:\/\/api.w.org\/{rel}","templated":true}]}}